{"id":547,"date":"2023-02-06T07:04:47","date_gmt":"2023-02-06T07:04:47","guid":{"rendered":"http:\/\/manuela-zoppa.de\/?page_id=547"},"modified":"2023-11-06T20:49:25","modified_gmt":"2023-11-06T20:49:25","slug":"aromatouchmassage","status":"publish","type":"page","link":"http:\/\/manuela-zoppa.de\/?page_id=547","title":{"rendered":"AromaTouch&#x2122;Massage"},"content":{"rendered":"<p><span style=\"font-family: Arial, sans-serif;\"><span style=\"font-size: large;\"><b>Sanfte Anwendung mit hochwertigen \u00d6len<\/b><\/span><\/span><\/p>\n<p><span style=\"font-family: Arial, sans-serif;\"><span style=\"font-size: large;\">Die sanften Ber\u00fchrungen bei der AromaTouch<strong><sup>&#x2122;<\/sup><\/strong>Massage bringen die gestaute Energie auf den feinstofflichen Bahnen, den Meridianen, wieder zum Flie\u00dfen. Dabei wird <\/span><\/span><\/p>\n<ul>\n<li><span style=\"font-family: Arial, sans-serif;\"><span style=\"font-size: large;\">Stress abgebaut<\/span><\/span><\/li>\n<li><span style=\"font-family: Arial, sans-serif;\"><span style=\"font-size: large;\">das Immunsystem gest\u00e4rkt<\/span><\/span><\/li>\n<li><span style=\"font-family: Arial, sans-serif;\"><span style=\"font-size: large;\">eine gesunde Entz\u00fcndungsreaktion gef\u00f6rdert (Stress beg\u00fcnstigt ungesunde Entz\u00fcndungen)<\/span><\/span><\/li>\n<li><span style=\"font-family: Arial, sans-serif;\"><span style=\"font-size: large;\">der K\u00f6rper wieder in sein individuelles Gleichgewicht gebracht<\/span><\/span><\/li>\n<li><span style=\"font-family: Arial, sans-serif;\"><span style=\"font-size: large;\">das Nervensystem gest\u00e4rkt.<\/span><\/span><\/li>\n<\/ul>\n<p><span style=\"font-family: Arial, sans-serif;\"><span style=\"font-size: large;\">Die Anwendung wird durch 8 aufeinander abgestimmte \u00d6le von doTERRA unterst\u00fctzt, die in sanften Streichbewegungen auf den Energiezonen des R\u00fcckens und der Fu\u00dfsohlen aufgetragen werden. Diese wirken ausgleichend, regenerierend und zellreinigend. Die wertvollen \u00d6le mit ihrem herrlichen Duft entfalten ihre wohltuende Wirkung auf K\u00f6rper, Geist und Seele.<\/span><\/span><\/p>\n<p><span style=\"font-family: Arial, sans-serif;\"><span style=\"font-size: large;\">Das ganze K\u00f6rperGeist-System entspannt sich und Stressgef\u00fchle werden sofort reduziert.<\/span><\/span><\/p>\n","protected":false},"excerpt":{"rendered":"<p>Sanfte Anwendung mit hochwertigen \u00d6len Die sanften Ber\u00fchrungen bei der AromaTouch&#x2122;Massage bringen die gestaute Energie auf den feinstofflichen Bahnen, den Meridianen, wieder zum Flie\u00dfen. Dabei wird Stress abgebaut das Immunsystem gest\u00e4rkt eine gesunde Entz\u00fcndungsreaktion gef\u00f6rdert (Stress beg\u00fcnstigt ungesunde Entz\u00fcndungen) der K\u00f6rper wieder in sein individuelles Gleichgewicht gebracht das Nervensystem gest\u00e4rkt. Die Anwendung wird durch 8 [&hellip;]<\/p>\n","protected":false},"author":1,"featured_media":0,"parent":0,"menu_order":0,"comment_status":"closed","ping_status":"closed","template":"","meta":[],"_links":{"self":[{"href":"http:\/\/manuela-zoppa.de\/index.php?rest_route=\/wp\/v2\/pages\/547"}],"collection":[{"href":"http:\/\/manuela-zoppa.de\/index.php?rest_route=\/wp\/v2\/pages"}],"about":[{"href":"http:\/\/manuela-zoppa.de\/index.php?rest_route=\/wp\/v2\/types\/page"}],"author":[{"embeddable":true,"href":"http:\/\/manuela-zoppa.de\/index.php?rest_route=\/wp\/v2\/users\/1"}],"replies":[{"embeddable":true,"href":"http:\/\/manuela-zoppa.de\/index.php?rest_route=%2Fwp%2Fv2%2Fcomments&post=547"}],"version-history":[{"count":6,"href":"http:\/\/manuela-zoppa.de\/index.php?rest_route=\/wp\/v2\/pages\/547\/revisions"}],"predecessor-version":[{"id":576,"href":"http:\/\/manuela-zoppa.de\/index.php?rest_route=\/wp\/v2\/pages\/547\/revisions\/576"}],"wp:attachment":[{"href":"http:\/\/manuela-zoppa.de\/index.php?rest_route=%2Fwp%2Fv2%2Fmedia&parent=547"}],"curies":[{"name":"wp","href":"https:\/\/api.w.org\/{rel}","templated":true}]}}