{"id":68,"date":"2016-12-11T14:49:59","date_gmt":"2016-12-11T14:49:59","guid":{"rendered":"http:\/\/manuela-zoppa.de\/?page_id=68"},"modified":"2018-02-08T12:29:07","modified_gmt":"2018-02-08T12:29:07","slug":"facevital","status":"publish","type":"page","link":"http:\/\/manuela-zoppa.de\/?page_id=68","title":{"rendered":"FaceVital"},"content":{"rendered":"<p><span style=\"font-family: Arial,sans-serif;\"><strong><span style=\"font-size: large;\">Meridian- und Gesichtsmuskelbalance<\/span><\/strong><\/span><\/p>\n<p><span style=\"font-family: Arial,sans-serif;\"><strong><span style=\"font-size: large;\"><img decoding=\"async\" loading=\"lazy\" class=\"wp-image-107 alignright\" src=\"http:\/\/manuela-zoppa.de\/wp-content\/uploads\/2017\/04\/Fotosearch_k22499981-Gesichtsanwendung-300x200.jpg\" alt=\"\" width=\"237\" height=\"158\" srcset=\"http:\/\/manuela-zoppa.de\/wp-content\/uploads\/2017\/04\/Fotosearch_k22499981-Gesichtsanwendung-300x200.jpg 300w, http:\/\/manuela-zoppa.de\/wp-content\/uploads\/2017\/04\/Fotosearch_k22499981-Gesichtsanwendung-768x512.jpg 768w, http:\/\/manuela-zoppa.de\/wp-content\/uploads\/2017\/04\/Fotosearch_k22499981-Gesichtsanwendung-644x429.jpg 644w\" sizes=\"(max-width: 237px) 100vw, 237px\" \/><\/span><\/strong><\/span><span style=\"font-family: Arial,sans-serif;\"><span style=\"font-size: large;\">Was gibt es Sch\u00f6neres als ein entspanntes und strahlendes Gesicht?<\/span><\/span><\/p>\n<p><span style=\"font-family: Arial,sans-serif;\"><span style=\"font-size: large;\">FaceVital ist eine sanfte Punktmassage im Bereich von Gesicht, Kopf, Nacken, Hals bis hin zum Dekollet\u00e9. Die <\/span><\/span><span style=\"font-family: Arial,sans-serif;\"><span style=\"font-size: large;\">sanften Ber\u00fchrungen bringen die gestaute <\/span><\/span><span style=\"font-family: Arial,sans-serif;\"><span style=\"font-size: large;\">Energie auf den feinstofflichen Bahnen, den Meridianen, wieder zum Flie\u00dfen. FaceVital basiert <\/span><\/span><span style=\"font-family: Arial,sans-serif;\"><span style=\"font-size: large;\">auf der Meridianlehre aus der Traditionellen Chinesischen Medizin.<\/span><\/span><\/p>\n<p><span style=\"font-family: Arial,sans-serif;\"><span style=\"font-size: large;\">Meridiane durchziehen wie ein Netz unseren ganzen K\u00f6rper und versorgen ihn mit Lebensenergie. Im Gesicht- und Halsbereich findet man eine enorme Anh\u00e4ufung dieser Meridiane. Durch die sanfte Punktmassage entlang der Meridiane an Kopf, Gesicht und Hals wird erm\u00f6glicht, dass sich aufgestaute emotionale Dysbalancen im gesamten K\u00f6rpersystem l\u00f6sen k\u00f6nnen und der Energiefluss in Harmonie kommt.<\/span><\/span><\/p>\n<p><span style=\"font-family: Arial,sans-serif;\"><span style=\"font-size: large;\">Diese ganzheitliche Gesichtsbehandlung kann verh\u00e4rtete Muskeln wieder weich werden lassen, es l\u00f6sen sich Spannungen im Gesicht und dadurch l\u00f6sen sich auch Spannungen im gesamten K\u00f6rper. Sie f\u00fchlen sich belebt und j\u00fcnger. FaceVital f\u00f6rdert die Durchblutung, entstaut die Lymphe und somit wird das Gesicht rosig, es polstert sich von innen auf und sieht glatter aus.<\/span><\/span><\/p>\n<ul>\n<li><span style=\"font-family: Arial,sans-serif;\"><span style=\"font-size: large;\">Entspannung der Kiefer- und Kaumuskulatur<\/span><\/span><\/li>\n<li><span style=\"font-family: Arial,sans-serif;\"><span style=\"font-size: large;\">Unterst\u00fctzung des Immunsystems<\/span><\/span><\/li>\n<li><span style=\"font-family: Arial,sans-serif;\"><span style=\"font-size: large;\">Nervenst\u00e4rkung<\/span><\/span><\/li>\n<li><span style=\"font-family: Arial,sans-serif;\"><span style=\"font-size: large;\">Entlastung bei Abgeschlagenheit und Burnout<\/span><\/span><\/li>\n<li><span style=\"font-family: Arial,sans-serif;\"><span style=\"font-size: large;\">Linderung bei Migr\u00e4ne<\/span><\/span><\/li>\n<li><span style=\"font-family: Arial,sans-serif;\"><span style=\"font-size: large;\">Harmonische Ausstrahlung, strahlend gesunder Teint<\/span><\/span><\/li>\n<li><span style=\"font-family: Arial,sans-serif;\"><span style=\"font-size: large;\">Nat\u00fcrliches Face-Lifting, straffere Haut in Gesicht und am Hals<\/span><\/span><\/li>\n<li><span style=\"font-family: Arial,sans-serif;\"><span style=\"font-size: large;\">frische Ausstrahlung<\/span><\/span><\/li>\n<li><span style=\"font-family: Arial,sans-serif;\"><span style=\"font-size: large;\">Wellness pur<\/span><\/span><\/li>\n<\/ul>\n<p><span style=\"font-family: Arial,sans-serif;\"><span style=\"font-size: large;\">Paketpreis f\u00fcr regelm\u00e4\u00dfiges Face-Lifting m\u00f6glich. Bitte sprechen Sie mich an.<\/span><\/span><\/p>\n<p><span style=\"font-family: Arial, sans-serif;\"><span style=\"font-size: large;\">Beitrag aus der Zeitschrift \u201eNatur &amp; Heilen\u201c 10\/2015, Ver\u00f6ffentlichung vom Verlag genehmigt:<\/span><\/span><\/p>\n<p><a href=\"http:\/\/manuela-zoppa.de\/wp-content\/uploads\/2018\/02\/FaceVital_10_2015_natur_und_heilen.pdf\">FaceVital_10_2015_natur_und_heilen<\/a><\/p>\n<p>&nbsp;<\/p>\n","protected":false},"excerpt":{"rendered":"<p>Meridian- und Gesichtsmuskelbalance Was gibt es Sch\u00f6neres als ein entspanntes und strahlendes Gesicht? FaceVital ist eine sanfte Punktmassage im Bereich von Gesicht, Kopf, Nacken, Hals bis hin zum Dekollet\u00e9. Die sanften Ber\u00fchrungen bringen die gestaute Energie auf den feinstofflichen Bahnen, den Meridianen, wieder zum Flie\u00dfen. FaceVital basiert auf der Meridianlehre aus der Traditionellen Chinesischen Medizin. [&hellip;]<\/p>\n","protected":false},"author":1,"featured_media":0,"parent":0,"menu_order":0,"comment_status":"closed","ping_status":"closed","template":"","meta":[],"_links":{"self":[{"href":"http:\/\/manuela-zoppa.de\/index.php?rest_route=\/wp\/v2\/pages\/68"}],"collection":[{"href":"http:\/\/manuela-zoppa.de\/index.php?rest_route=\/wp\/v2\/pages"}],"about":[{"href":"http:\/\/manuela-zoppa.de\/index.php?rest_route=\/wp\/v2\/types\/page"}],"author":[{"embeddable":true,"href":"http:\/\/manuela-zoppa.de\/index.php?rest_route=\/wp\/v2\/users\/1"}],"replies":[{"embeddable":true,"href":"http:\/\/manuela-zoppa.de\/index.php?rest_route=%2Fwp%2Fv2%2Fcomments&post=68"}],"version-history":[{"count":12,"href":"http:\/\/manuela-zoppa.de\/index.php?rest_route=\/wp\/v2\/pages\/68\/revisions"}],"predecessor-version":[{"id":339,"href":"http:\/\/manuela-zoppa.de\/index.php?rest_route=\/wp\/v2\/pages\/68\/revisions\/339"}],"wp:attachment":[{"href":"http:\/\/manuela-zoppa.de\/index.php?rest_route=%2Fwp%2Fv2%2Fmedia&parent=68"}],"curies":[{"name":"wp","href":"https:\/\/api.w.org\/{rel}","templated":true}]}}