{"id":72,"date":"2016-12-11T14:50:26","date_gmt":"2016-12-11T14:50:26","guid":{"rendered":"http:\/\/manuela-zoppa.de\/?page_id=72"},"modified":"2018-01-31T10:02:09","modified_gmt":"2018-01-31T10:02:09","slug":"seite-4","status":"publish","type":"page","link":"http:\/\/manuela-zoppa.de\/?page_id=72","title":{"rendered":"Impressum"},"content":{"rendered":"<p>&nbsp;<\/p>\n<p><span style=\"font-family: Arial,sans-serif;\"><span style=\"font-size: large;\">In Balance sein<\/span><\/span><\/p>\n<p><span style=\"font-family: Arial,sans-serif;\"><span style=\"font-size: large;\">Manuela Zoppa<br \/>\nHauptstr. 10 b<br \/>\n09387 Jahnsdorf<br \/>\nOT Leukersdorf<\/span><\/span><\/p>\n<p><span style=\"font-family: Arial,sans-serif;\"><span style=\"font-size: large;\">Tel.: 0176-35 39 22 18<\/span><\/span><\/p>\n<p>&nbsp;<\/p>\n<p>Steuernummer: 224\/293\/00448<\/p>\n<p><span style=\"font-family: Arial,sans-serif;\">Verantwortlich f\u00fcr den Inhalt: Manuela Zoppa<\/span><\/p>\n<p><span style=\"font-family: Arial, sans-serif;\">Die angebotenen Anwendungen auf dieser Website sind keine schulmedizinisch untersuchten oder wissenschaftlich anerkannten Behandlungsmethoden. Es handelt sich um \u201ealternative\u201c Anwendungen auf dem Gebiet der sogenannten \u201eKomplement\u00e4rmedizin\u201c. Bisherige Ergebnisse beruhen auf den Erfahrungen der Anwender sowie einzelner wissenschaftlicher Untersuchungen. <\/span><\/p>\n<p align=\"justify\"><strong><span style=\"font-family: Arial,sans-serif;\"><span style=\"font-size: medium;\">Keine Abmahnung ohne vorherigen Kontakt!<\/span><\/span><\/strong><\/p>\n<p align=\"justify\"><span style=\"font-family: Arial,sans-serif;\"><span style=\"font-size: medium;\">Sollte irgendwelcher Inhalt oder die designtechnische Gestaltung einzelner Seiten oder Teile dieser Internetseite fremde Rechte Dritter oder gesetzliche Bestimmungen verletzen oder anderweitig in irgendeiner Form wettbewerbsrechtliche Probleme hervorbringen, so bitten wir unter Berufung auf \u00a7 8 Abs. 4 UWG, um eine angemessene, ausreichend erl\u00e4uternde und schnelle Nachricht ohne Kostennote.<\/span> <span style=\"font-size: medium;\">Wir garantieren, dass die zu Recht beanstandeten Passagen oder Teile dieser Webseiten in angemessener Frist entfernt bzw. den rechtlichen Vorgaben umf\u00e4nglich angepasst werden, ohne dass von Ihrer Seite die Einschaltung eines Rechtsbeistandes erforderlich ist.<\/span> <span style=\"font-size: medium;\">Die Einschaltung eines Anwalts zur f\u00fcr den Diensteanbieter kostenpflichtigen Abmahnung entspricht nicht dessen wirklichem oder mutma\u00dflichem Willen und w\u00fcrde damit einen Verstoss gegen das UWG wegen der Verfolgung sachfremder Ziele als beherrschendes Motiv der Verfahrenseinleitung, insbesondere einer Kostenerzielungsabsicht als eigentliche Triebfeder, sowie einen Versto\u00df gegen die Schadensminderungspflicht darstellen.<\/span><\/span><\/p>\n","protected":false},"excerpt":{"rendered":"<p>&nbsp; In Balance sein Manuela Zoppa Hauptstr. 10 b 09387 Jahnsdorf OT Leukersdorf Tel.: 0176-35 39 22 18 &nbsp; Steuernummer: 224\/293\/00448 Verantwortlich f\u00fcr den Inhalt: Manuela Zoppa Die angebotenen Anwendungen auf dieser Website sind keine schulmedizinisch untersuchten oder wissenschaftlich anerkannten Behandlungsmethoden. Es handelt sich um \u201ealternative\u201c Anwendungen auf dem Gebiet der sogenannten \u201eKomplement\u00e4rmedizin\u201c. Bisherige Ergebnisse [&hellip;]<\/p>\n","protected":false},"author":1,"featured_media":0,"parent":0,"menu_order":0,"comment_status":"closed","ping_status":"closed","template":"","meta":[],"_links":{"self":[{"href":"http:\/\/manuela-zoppa.de\/index.php?rest_route=\/wp\/v2\/pages\/72"}],"collection":[{"href":"http:\/\/manuela-zoppa.de\/index.php?rest_route=\/wp\/v2\/pages"}],"about":[{"href":"http:\/\/manuela-zoppa.de\/index.php?rest_route=\/wp\/v2\/types\/page"}],"author":[{"embeddable":true,"href":"http:\/\/manuela-zoppa.de\/index.php?rest_route=\/wp\/v2\/users\/1"}],"replies":[{"embeddable":true,"href":"http:\/\/manuela-zoppa.de\/index.php?rest_route=%2Fwp%2Fv2%2Fcomments&post=72"}],"version-history":[{"count":9,"href":"http:\/\/manuela-zoppa.de\/index.php?rest_route=\/wp\/v2\/pages\/72\/revisions"}],"predecessor-version":[{"id":332,"href":"http:\/\/manuela-zoppa.de\/index.php?rest_route=\/wp\/v2\/pages\/72\/revisions\/332"}],"wp:attachment":[{"href":"http:\/\/manuela-zoppa.de\/index.php?rest_route=%2Fwp%2Fv2%2Fmedia&parent=72"}],"curies":[{"name":"wp","href":"https:\/\/api.w.org\/{rel}","templated":true}]}}