{"id":99,"date":"2017-04-05T07:27:52","date_gmt":"2017-04-05T07:27:52","guid":{"rendered":"http:\/\/manuela-zoppa.de\/?page_id=99"},"modified":"2021-08-27T05:42:29","modified_gmt":"2021-08-27T05:42:29","slug":"bodytalk","status":"publish","type":"page","link":"http:\/\/manuela-zoppa.de\/?page_id=99","title":{"rendered":"Inner light"},"content":{"rendered":"<p><span style=\"font-family: Arial,sans-serif;\"><span style=\"font-size: large;\"><strong>Ganzk\u00f6rper-Balance<\/strong><\/span><\/span><span style=\"font-family: Arial,sans-serif;\"><span style=\"font-size: large;\"><img decoding=\"async\" loading=\"lazy\" class=\"alignright wp-image-275 size-medium\" src=\"http:\/\/manuela-zoppa.de\/wp-content\/uploads\/2017\/04\/DSC_0206-e1497872534385-201x300.jpg\" alt=\"\" width=\"201\" height=\"300\" srcset=\"http:\/\/manuela-zoppa.de\/wp-content\/uploads\/2017\/04\/DSC_0206-e1497872534385-201x300.jpg 201w, http:\/\/manuela-zoppa.de\/wp-content\/uploads\/2017\/04\/DSC_0206-e1497872534385-768x1147.jpg 768w, http:\/\/manuela-zoppa.de\/wp-content\/uploads\/2017\/04\/DSC_0206-e1497872534385-644x962.jpg 644w\" sizes=\"(max-width: 201px) 100vw, 201px\" \/><\/span><\/span><\/p>\n<p><span style=\"font-family: Arial, sans-serif;\"><span style=\"font-size: large;\">Inner light bringt Ihr inneres Licht wieder zum Leuchten und macht den Rucksack, den jeder im Alltag auf seinem R\u00fccken tr\u00e4gt, leichter.<\/span><\/span><\/p>\n<p><span style=\"font-family: Arial, sans-serif;\"><span style=\"font-size: large;\">Inner light ist eine Ganzk\u00f6rperbalance, in die all mein Wissen aus den verschiedenen Kursen, die ich belegt habe, und meine Intuition einflie\u00dfen.<br \/>\n<\/span><\/span><span style=\"font-family: Arial, sans-serif;\"><span style=\"font-size: large;\">Die Anwendung macht die Kommunikationswege der verschiedenen K\u00f6rpersysteme wieder frei, damit alle Vorg\u00e4nge optimal laufen k\u00f6nnen.<br \/>\nSie optimiert die Selbstregulationskraft und die Entspannungsf\u00e4higkeit sowie das allgemeine Wohlbefinden des gesamten K\u00f6rpers.<\/span><\/span><\/p>\n<p><span style=\"font-family: Arial, sans-serif;\"><span style=\"font-size: large;\">Es wirkt therapieunterst\u00fctzend und ist ein Genuss auf allen Ebenen:<\/span><\/span><\/p>\n<ul>\n<li><span style=\"font-family: Arial, sans-serif;\"><span style=\"font-size: large;\">Entspannung auf k\u00f6rperlicher, seelischer und geistiger Ebene \u2192 innere Ausgeglichenheit<\/span><\/span><\/li>\n<li><span style=\"font-family: Arial, sans-serif;\"><span style=\"font-size: large;\">L\u00f6sen von Stress, der im Zellged\u00e4chtnis gespeichert ist<\/span><\/span><\/li>\n<li><span style=\"font-family: Arial, sans-serif;\"><span style=\"font-size: large;\">Abbau von Stress und Angst<\/span><\/span><\/li>\n<li><span style=\"font-family: Arial, sans-serif;\"><span style=\"font-size: large;\">Optimiert interne Kommunikation des K\u00f6rpers <\/span><\/span><\/li>\n<li><span style=\"font-family: Arial, sans-serif;\"><span style=\"font-size: large;\">Verbesserung der Gehirnfunktion \u2192 klares Denken <\/span><\/span><\/li>\n<li><span style=\"font-family: Arial, sans-serif;\"><span style=\"font-size: large;\">h\u00f6here Aufmerksamkeit und bessere Lernerfolge in Schule und Beruf<\/span><\/span><\/li>\n<li><span style=\"font-family: Arial, sans-serif;\"><span style=\"font-size: large;\">L\u00f6sen von energetischen Blockaden <\/span><\/span><\/li>\n<li><span style=\"font-family: Arial, sans-serif;\"><span style=\"font-size: large;\">Ausgleichen von emotionalen Dysbalancen <\/span><\/span><\/li>\n<li><span style=\"font-family: Arial, sans-serif;\"><span style=\"font-size: large;\">Vernetzung der verschiedenen K\u00f6rpersysteme<\/span><\/span><\/li>\n<li><span style=\"font-family: Arial, sans-serif;\"><span style=\"font-size: large;\">Optimiert Stoffwechselprozesse<\/span><\/span><\/li>\n<li><span style=\"font-family: Arial, sans-serif;\"><span style=\"font-size: large;\">Verbessert die Beweglichkeit<\/span><\/span><\/li>\n<\/ul>\n<p><span style=\"font-family: Arial, sans-serif;\"><span style=\"font-size: large;\">Inner light eignet sich f\u00fcr<\/span><\/span><\/p>\n<ul>\n<li><span style=\"font-family: Arial, sans-serif;\"><span style=\"font-size: large;\">alle Altersgruppen \u2013 von 0 bis 99 Jahre<\/span><\/span><\/li>\n<li><span style=\"font-family: Arial, sans-serif;\"><span style=\"font-size: large;\">jeden, der alten Stress loslassen m\u00f6chte und den neu auftretenden Herausforderungen des t\u00e4glichen Lebens entspannter gegen\u00fcbertreten m\u00f6chte<\/span><\/span><\/li>\n<li><span style=\"font-family: Arial, sans-serif;\"><span style=\"font-size: large;\">Menschen, die den Kontakt zu sich selbst und zu ihrer inneren Kraft wiederfinden m\u00f6chten<\/span><\/span><\/li>\n<li><span style=\"font-family: Arial, sans-serif;\"><span style=\"font-size: large;\">Sportler als Wettkampfvorbereitung<\/span><\/span><\/li>\n<\/ul>\n<p><span style=\"font-family: Arial, sans-serif;\"><span style=\"font-size: large;\">Wie oft eine Balance stattfinden soll, entscheidet Ihr K\u00f6rper.<\/span><\/span><\/p>\n<p><span style=\"font-family: Arial, sans-serif;\"><span style=\"font-size: large;\">Ich freue mich, wenn ich Ihre Neugierde wecken konnte. Vereinbaren Sie gern einen Termin mit mir.<\/span><\/span><\/p>\n<p>&nbsp;<\/p>\n","protected":false},"excerpt":{"rendered":"<p>Ganzk\u00f6rper-Balance Inner light bringt Ihr inneres Licht wieder zum Leuchten und macht den Rucksack, den jeder im Alltag auf seinem R\u00fccken tr\u00e4gt, leichter. Inner light ist eine Ganzk\u00f6rperbalance, in die all mein Wissen aus den verschiedenen Kursen, die ich belegt habe, und meine Intuition einflie\u00dfen. Die Anwendung macht die Kommunikationswege der verschiedenen K\u00f6rpersysteme wieder frei, [&hellip;]<\/p>\n","protected":false},"author":1,"featured_media":0,"parent":0,"menu_order":0,"comment_status":"closed","ping_status":"closed","template":"","meta":[],"_links":{"self":[{"href":"http:\/\/manuela-zoppa.de\/index.php?rest_route=\/wp\/v2\/pages\/99"}],"collection":[{"href":"http:\/\/manuela-zoppa.de\/index.php?rest_route=\/wp\/v2\/pages"}],"about":[{"href":"http:\/\/manuela-zoppa.de\/index.php?rest_route=\/wp\/v2\/types\/page"}],"author":[{"embeddable":true,"href":"http:\/\/manuela-zoppa.de\/index.php?rest_route=\/wp\/v2\/users\/1"}],"replies":[{"embeddable":true,"href":"http:\/\/manuela-zoppa.de\/index.php?rest_route=%2Fwp%2Fv2%2Fcomments&post=99"}],"version-history":[{"count":35,"href":"http:\/\/manuela-zoppa.de\/index.php?rest_route=\/wp\/v2\/pages\/99\/revisions"}],"predecessor-version":[{"id":502,"href":"http:\/\/manuela-zoppa.de\/index.php?rest_route=\/wp\/v2\/pages\/99\/revisions\/502"}],"wp:attachment":[{"href":"http:\/\/manuela-zoppa.de\/index.php?rest_route=%2Fwp%2Fv2%2Fmedia&parent=99"}],"curies":[{"name":"wp","href":"https:\/\/api.w.org\/{rel}","templated":true}]}}